{"id":2150,"date":"2018-04-23T10:06:25","date_gmt":"2018-04-23T10:06:25","guid":{"rendered":"http:\/\/185.162.171.27\/~janapsic\/?page_id=2150"},"modified":"2020-06-24T15:53:32","modified_gmt":"2020-06-24T13:53:32","slug":"ansiedad","status":"publish","type":"page","link":"https:\/\/janapsicologa.com\/psicologo-madrid\/ansiedad\/","title":{"rendered":"Tratamiento psicol\u00f3gico de la Ansiedad"},"content":{"rendered":"<p><img loading=\"lazy\" decoding=\"async\" class=\"aligncenter wp-image-5094 size-medium\" src=\"https:\/\/janapsicologa.com\/wp-content\/uploads\/2020\/06\/icono-ansiedad-300x282.png\" alt=\"\" width=\"300\" height=\"282\" srcset=\"https:\/\/janapsicologa.com\/wp-content\/uploads\/2020\/06\/icono-ansiedad-300x282.png 300w, https:\/\/janapsicologa.com\/wp-content\/uploads\/2020\/06\/icono-ansiedad-768x721.png 768w, https:\/\/janapsicologa.com\/wp-content\/uploads\/2020\/06\/icono-ansiedad-700x657.png 700w, https:\/\/janapsicologa.com\/wp-content\/uploads\/2020\/06\/icono-ansiedad-426x400.png 426w, https:\/\/janapsicologa.com\/wp-content\/uploads\/2020\/06\/icono-ansiedad.png 1014w\" sizes=\"(max-width: 300px) 100vw, 300px\" \/><\/p>\n<p>Los psic\u00f3logos abordamos el tratamiento de la ansiedad con mucha frecuencia, ya que la ansiedad es la reacci\u00f3n m\u00e1s com\u00fan del cuerpo ante un problema o experiencia a la que no estemos acostumbrados.<\/p>\n<p>Por otro lado, el tratamiento de ansiedad se aplica, salvo excepci\u00f3n del trastorno por ansiedad generalizada, a casos concretos en los que existe una ansiedad desmesurada ante una situaci\u00f3n espec\u00edfica como puede ser la ansiedad ante los ex\u00e1menes, a hablar en p\u00fablico, etc.<\/p>\n\n<h2>\u00bfQu\u00e9 es la ansiedad?<\/h2>\n<p>La ansiedad es una respuesta innata de nuestra especie, cuya misi\u00f3n es asegurar nuestra supervivencia. As\u00ed, cada vez que sentimos que estamos en peligro, el organismo reacciona disparando el circuito de la ansiedad, haciendo que reaccionemos de forma m\u00e1s eficaz.<\/p>\n<p>La ansiedad nos ayuda a reaccionar mejor y con m\u00e1s rapidez ante peligros inminentes del d\u00eda a d\u00eda, como un posible accidente con el coche o cuando nos encontramos en situaciones novedosas que exigen que nos comportemos de manera especial, como hablar en p\u00fablico, hacer un examen o pasar una entrevista de trabajo.<\/p>\n<p>La conclusi\u00f3n a la que llegamos es que esta emoci\u00f3n es parte de nosotros, nos es \u00fatil y beneficiosa, siendo nuestra aliada en situaciones dif\u00edciles.<\/p>\n<p>Sin embargo, puede volverse en nuestra contra cuando:<\/p>\n<ol>\n<li>Aparece en situaciones totalmente inocuas, que no suponen ninguna amenaza (subir en ascensor, viajar en avi\u00f3n).<\/li>\n<li>Cuando sentimos que tenemos algo que perder, hay algo en juego y estamos expuestos a una valoraci\u00f3n externa.<\/li>\n<\/ol>\n<p>En estas situaciones el nivel de ansiedad suele ser desproporcionado e interferir con nuestro objetivo. Por ejemplo, ante un examen, si el nivel de alerta es moderado, el rendimiento se ver\u00e1 beneficiado. Si por el contrario es excesiva, la tarea se ver\u00e1 entorpecida e incluso puede que queramos evitar la situaci\u00f3n.<\/p>\n<h2>S\u00edntomas del trastorno de ansiedad<\/h2>\n<p>Los s\u00edntomas de la ansiedad, su intensidad y frecuencia, generalmente son los que nos llevan a pedir cita con un psic\u00f3logo. Normalmente, si no hemos experimentado antes estas sensaciones, sentiremos miedo y sensaci\u00f3n de falta de control, por lo que es muy \u00fatil conocer la naturaleza de estas reacciones para reducir el miedo a futuros episodios.<\/p>\n<p>Los s\u00edntomas de ansiedad se ven reflejados a diferentes niveles, vamos a verlos:<\/p>\n<h4>S\u00cdNTOMAS cognitivos<\/h4>\n<p>Los s\u00edntomas de ansiedad a nivel cognitivo son los pensamientos e im\u00e1genes que aparecen cuando empezamos a sentir el malestar. Interpretamos la situaci\u00f3n y la valoramos como amenazante. Generalmente, si percibimos amenaza, el contenido de estos pensamientos ser\u00e1 negativo y distorsionado, fomentando el aumento de ansiedad. Es com\u00fan que aparezcan distorsiones cognitivas como la generalizaci\u00f3n, la anticipaci\u00f3n negativa del futuro o la minimizaci\u00f3n de recursos personales.<\/p>\n<h4>S\u00cdNTOMAS fisiol\u00f3gicos o emocionales<\/h4>\n<p>La ansiedad a nivel fisiol\u00f3gico o emocional hace que:<\/p>\n<ul>\n<li>Aumente el latido del coraz\u00f3n (para que llegue m\u00e1s sangre a los m\u00fasculos), nuestra respiraci\u00f3n ser\u00e1 m\u00e1s agitada (con el objetivo de obtener m\u00e1s oxigeno),<\/li>\n<li>Estaremos en tensi\u00f3n muscular (por si es necesario huir),<\/li>\n<li>Podremos marearnos o sentir molestias intestinales,<\/li>\n<li>Nos sentiremos frustrados, inc\u00f3modos, etc.<\/li>\n<\/ul>\n<h4>S\u00cdNTOMAS motores<\/h4>\n<p>A nivel motor la ansiedad se refleja en todos los comportamientos que tenemos en situaci\u00f3n de ansiedad. Podemos afrontarla de dos maneras:<\/p>\n<ul>\n<li>Escapando de la situaci\u00f3n temida o evit\u00e1ndola.<\/li>\n<li>Mantenernos en la situaci\u00f3n, exponi\u00e9ndonos, lo que puede dar lugar a s\u00edntomas como inquietud, temblor, tartamudeo, inmovilidad o movilidad excesiva.<\/li>\n<\/ul>\n<p>Aunque sentir ansiedad es una reacci\u00f3n adaptativa de nuestro organismo, podemos describirla como\u00a0 perjudicial o desadaptativa cuando el nivel es muy alto en situaciones en las que la mayor\u00eda de las personas no la experimentan.<\/p>\n<p>Cuando realmente no est\u00e1 en juego nuestra supervivencia, y sin embargo interpretamos una amenaza, esta respuesta emocional nos resultar\u00e1 in\u00fatil, excesiva, inapropiada, no nos servir\u00e1 para adaptarnos y nos dificultar\u00e1 el rendimiento.<\/p>\n<p>En estos casos en los que el nivel de ansiedad interfiere significativamente en el bienestar de la persona, influyendo en su \u00e1mbito laboral, personal, y social, se recomienda pedir la ayuda de un profesional. En este entorno terap\u00e9utico ser\u00e1 m\u00e1s f\u00e1cil identificar aquellos est\u00edmulos que desencadenan la respuesta de alerta, con el objetivo de minimizar y controlarla.<\/p>\n<h2>Tipos de Trastornos de ansiedad<\/h2>\n<p>Son varios los tipos de trastornos de ansiedad con los que trabajamos los psic\u00f3logos:<\/p>\n<h4><strong>Trastorno de ansiedad social (Fobia Social)<\/strong><\/h4>\n<p>La fobia social aparece cuando sentimos miedo o ansiedad intensa relacionadas con situaciones sociales, en las que probablemente vamos a ser evaluados o as\u00ed lo sentimos. Se teme actuar de forma no adecuada y que nuestra conducta sea valorada negativamente. Tambi\u00e9n se teme sentir s\u00edntomas de ansiedad que sean percibimos por los dem\u00e1s, sintiendo verg\u00fcenza si as\u00ed sucede.<\/p>\n<h4><strong>Trastorno de p\u00e1nico o angustia<\/strong><\/h4>\n<p>En este trastorno, se experimentan crisis de p\u00e1nico o angustia de forma inesperada y recurrente. Suelen ser episodios de una duraci\u00f3n aproximada de 15 min, que dar\u00e1n lugar a que aparezca el miedo a que vuelvan a suceder. Estaremos preocupados y muy pendientes de cada sensaci\u00f3n que podamos sentir, con el objetivo de intentar prevenir o controlar esas situaciones de malestar impredecible.<\/p>\n<h4><strong>Trastorno de ansiedad generalizada<\/strong><\/h4>\n<p>En el trastorno de ansiedad generalizada, experimentamos ansiedad y preocupaci\u00f3n excesiva, persistente, por diferentes acontecimientos o actividades del d\u00eda a d\u00eda. La persona experimenta falta de control sobre esa din\u00e1mica de preocupaci\u00f3n continua, expresando s\u00edntomas de sobreactivaci\u00f3n fisiol\u00f3gica.<\/p>\n<h4><strong>Trastorno de ansiedad por separaci\u00f3n<\/strong><\/h4>\n<p>En el trastorno de ansiedad por separaci\u00f3n se expresa miedo o ansiedad intensa y persistente ante la separaci\u00f3n de alguien con quien se tiene un vinculo emocional estrecho.<\/p>\n<p>En estas situaciones de separaci\u00f3n, expresaremos malestar psicol\u00f3gico, f\u00edsico, preocupaci\u00f3n, y rechazo a aquello que nos lleve a separarnos, como ir al colegio o al trabajo.<\/p>\n<h4><strong>Agorafobia<\/strong><\/h4>\n<p>En el trastorno de agorafobia, el miedo o la ansiedad aparecen en situaciones tipificadas como agoraf\u00f3bicas, como es viajar en el transporte p\u00fablico, estar en sitios muy abiertos, en espacios cerrados, hacer cola o verse en lugares multitudinarios. La forma de gestionar este malestar es evitando estas situaciones, ya que se teme verse involucrado en ellas y no ser capaz de huir o pedir ayuda.<\/p>\n<h4><strong>Mutismo selectivo<\/strong><\/h4>\n<p>El mutismo selectivo es la incapacidad persistente de hablar o responder a otros en una situaci\u00f3n\u00a0social en la que se espera que pueda hacerse, a pesar de hacerlo sin problemas en otras situaciones, como puede ser en el \u00e1mbito familiar o con personas de confianza.<\/p>\n<h4><strong>Fobias espec\u00edficas<\/strong><\/h4>\n<p>En las fobias espec\u00edficas, la ansiedad o el miedo aparecen de forma intensa, insistente y permanente ante la presencia del objeto o situaci\u00f3n temida. La respuesta ser\u00e1 de evitaci\u00f3n o de enfrentamiento con mucho malestar.<\/p>\n<h4><strong>Trastorno de ansiedad inducida por consumo de sustancias o medicamentos<\/strong><\/h4>\n<p>Este trastorno de ansiedad, en el que se experimentan crisis de angustia, se vincula directamente con el consumo o intoxicaci\u00f3n de una determinada sustancia o medicamento.<\/p>\n<h4><strong>Trastorno de ansiedad debido a otra afecci\u00f3n m\u00e9dica<\/strong><\/h4>\n<p>En esta situaci\u00f3n, se experimentan crisis de ansiedad que se pueden justificar como consecuencia de otra afecci\u00f3n m\u00e9dica.<\/p>\n<h2>Tratamiento para reducir la ansiedad<\/h2>\n<p>La terapia que realizo en mi consulta para el tratamiento de la ansiedad aborda tanto la parte cognitiva, (los pensamientos, ideas, creencias, etc), como la parte emocional del problema. Es necesario realizar un trabajo global y profundo para poder conocer, desde el origen, que es aquello que activa nuestro sistema de alerta.<\/p>\n<p>Para ello se realizo una evaluaci\u00f3n inicial que me permita comprender tu situaci\u00f3n, vivencia, aprendizajes, contexto, etc.<\/p>\n<p>Aplicando despu\u00e9s, en funci\u00f3n de tus objetivos personales, aquellas terapias y t\u00e9cnicas que aborden las \u00e1reas que quieras solucionar.<\/p>\n<p>Con el tratamiento psicol\u00f3gico de la ansiedad se busca:<\/p>\n<ul>\n<li>Recuperar tu tranquilidad<\/li>\n<li>Aumentar tu autoconocimiento sobre que situaciones te hacen sentir ansioso o ansiosa<\/li>\n<li>Modificar las interpretaciones que realices sobre la ansiedad que est\u00e9n ayudando a que \u00e9sta aumente.<\/li>\n<li>Cuando aparezca la ansiedad, que sientas la confianza necesaria para poder regularla y manejarla positivamente.<\/li>\n<li>Poder enfrentar nuevas situaciones que temas y elaborar nuevos aprendizajes, de tal manera que la aparici\u00f3n de la ansiedad te sea \u00fatil.<\/li>\n<\/ul>\n<p style=\"text-align: center;\"><em>Si necesitas la ayuda de un psic\u00f3logo para manejar la ansiedad y recuperar tu bienestar,<\/em><\/p>\n<p style=\"text-align: center;\"><strong>Pide cita \u260e\ufe0f 668 87 03 13<\/strong><\/p>\n","protected":false},"excerpt":{"rendered":"<p>Los psic\u00f3logos abordamos el tratamiento de la ansiedad con mucha frecuencia, ya que la ansiedad es la reacci\u00f3n m\u00e1s com\u00fan del cuerpo ante un problema o experiencia a la que no estemos acostumbrados. Por otro lado, el tratamiento de ansiedad se aplica, salvo excepci\u00f3n del trastorno por ansiedad generalizada, a casos concretos en los que &hellip; <a href=\"https:\/\/janapsicologa.com\/psicologo-madrid\/ansiedad\/\" class=\"more-link\">Seguir leyendo <span class=\"screen-reader-text\">Tratamiento psicol\u00f3gico de la Ansiedad<\/span> <span class=\"meta-nav\">&rarr;<\/span><\/a><\/p>\n","protected":false},"author":2,"featured_media":0,"parent":0,"menu_order":0,"comment_status":"closed","ping_status":"closed","template":"","meta":{"footnotes":""},"class_list":["post-2150","page","type-page","status-publish","hentry"],"yoast_head":"<!-- This site is optimized with the Yoast SEO plugin v25.6 - https:\/\/yoast.com\/wordpress\/plugins\/seo\/ -->\n<title>Tratamiento psicol\u00f3gico de la Ansiedad<\/title>\n<meta name=\"description\" content=\"Inf\u00f3rmate sobre el tratamiento psicol\u00f3gico de la ansiedad que ofrezco en mi consulta de psicolog\u00eda. Pide cita \u260e\ufe0f 668 87 03 13\" \/>\n<meta name=\"robots\" content=\"index, follow, max-snippet:-1, max-image-preview:large, max-video-preview:-1\" \/>\n<link rel=\"canonical\" href=\"https:\/\/janapsicologa.com\/psicologo-madrid\/ansiedad\/\" \/>\n<meta property=\"og:locale\" content=\"es_ES\" \/>\n<meta property=\"og:type\" content=\"article\" \/>\n<meta property=\"og:title\" content=\"Tratamiento psicol\u00f3gico de la Ansiedad\" \/>\n<meta property=\"og:description\" content=\"Inf\u00f3rmate sobre el tratamiento psicol\u00f3gico de la ansiedad que ofrezco en mi consulta de psicolog\u00eda. Pide cita \u260e\ufe0f 668 87 03 13\" \/>\n<meta property=\"og:url\" content=\"https:\/\/janapsicologa.com\/psicologo-madrid\/ansiedad\/\" \/>\n<meta property=\"og:site_name\" content=\"Psic\u00f3loga Jana Beter\u00e9\" \/>\n<meta property=\"article:publisher\" content=\"https:\/\/www.facebook.com\/psicojana\" \/>\n<meta property=\"article:modified_time\" content=\"2020-06-24T13:53:32+00:00\" \/>\n<meta property=\"og:image\" content=\"https:\/\/janapsicologa.com\/wp-content\/uploads\/2020\/06\/icono-ansiedad-300x282.png\" \/>\n<meta name=\"twitter:card\" content=\"summary_large_image\" \/>\n<meta name=\"twitter:site\" content=\"@psicojana\" \/>\n<meta name=\"twitter:label1\" content=\"Tiempo de lectura\" \/>\n\t<meta name=\"twitter:data1\" content=\"7 minutos\" \/>\n<script type=\"application\/ld+json\" class=\"yoast-schema-graph\">{\"@context\":\"https:\/\/schema.org\",\"@graph\":[{\"@type\":\"WebPage\",\"@id\":\"https:\/\/janapsicologa.com\/psicologo-madrid\/ansiedad\/\",\"url\":\"https:\/\/janapsicologa.com\/psicologo-madrid\/ansiedad\/\",\"name\":\"Tratamiento psicol\u00f3gico de la Ansiedad\",\"isPartOf\":{\"@id\":\"https:\/\/janapsicologa.com\/psicologo-madrid\/#website\"},\"primaryImageOfPage\":{\"@id\":\"https:\/\/janapsicologa.com\/psicologo-madrid\/ansiedad\/#primaryimage\"},\"image\":{\"@id\":\"https:\/\/janapsicologa.com\/psicologo-madrid\/ansiedad\/#primaryimage\"},\"thumbnailUrl\":\"https:\/\/janapsicologa.com\/wp-content\/uploads\/2020\/06\/icono-ansiedad-300x282.png\",\"datePublished\":\"2018-04-23T10:06:25+00:00\",\"dateModified\":\"2020-06-24T13:53:32+00:00\",\"description\":\"Inf\u00f3rmate sobre el tratamiento psicol\u00f3gico de la ansiedad que ofrezco en mi consulta de psicolog\u00eda. Pide cita \u260e\ufe0f 668 87 03 13\",\"breadcrumb\":{\"@id\":\"https:\/\/janapsicologa.com\/psicologo-madrid\/ansiedad\/#breadcrumb\"},\"inLanguage\":\"es\",\"potentialAction\":[{\"@type\":\"ReadAction\",\"target\":[\"https:\/\/janapsicologa.com\/psicologo-madrid\/ansiedad\/\"]}]},{\"@type\":\"ImageObject\",\"inLanguage\":\"es\",\"@id\":\"https:\/\/janapsicologa.com\/psicologo-madrid\/ansiedad\/#primaryimage\",\"url\":\"https:\/\/janapsicologa.com\/wp-content\/uploads\/2020\/06\/icono-ansiedad-300x282.png\",\"contentUrl\":\"https:\/\/janapsicologa.com\/wp-content\/uploads\/2020\/06\/icono-ansiedad-300x282.png\"},{\"@type\":\"BreadcrumbList\",\"@id\":\"https:\/\/janapsicologa.com\/psicologo-madrid\/ansiedad\/#breadcrumb\",\"itemListElement\":[{\"@type\":\"ListItem\",\"position\":1,\"name\":\"Portada\",\"item\":\"https:\/\/janapsicologa.com\/psicologo-madrid\/\"},{\"@type\":\"ListItem\",\"position\":2,\"name\":\"Tratamiento psicol\u00f3gico de la Ansiedad\"}]},{\"@type\":\"WebSite\",\"@id\":\"https:\/\/janapsicologa.com\/psicologo-madrid\/#website\",\"url\":\"https:\/\/janapsicologa.com\/psicologo-madrid\/\",\"name\":\"Psic\u00f3loga Jana Beter\u00e9\",\"description\":\"Tratamiento psicol\u00f3gico de ansiedad, autoestima, estr\u00e9s y gesti\u00f3n de emociones\",\"publisher\":{\"@id\":\"https:\/\/janapsicologa.com\/psicologo-madrid\/#\/schema\/person\/0bcac00e2c0ee57bd750176742cbba5f\"},\"potentialAction\":[{\"@type\":\"SearchAction\",\"target\":{\"@type\":\"EntryPoint\",\"urlTemplate\":\"https:\/\/janapsicologa.com\/psicologo-madrid\/?s={search_term_string}\"},\"query-input\":{\"@type\":\"PropertyValueSpecification\",\"valueRequired\":true,\"valueName\":\"search_term_string\"}}],\"inLanguage\":\"es\"},{\"@type\":[\"Person\",\"Organization\"],\"@id\":\"https:\/\/janapsicologa.com\/psicologo-madrid\/#\/schema\/person\/0bcac00e2c0ee57bd750176742cbba5f\",\"name\":\"Jana Beter\u00e9 Moreno\",\"image\":{\"@type\":\"ImageObject\",\"inLanguage\":\"es\",\"@id\":\"https:\/\/janapsicologa.com\/psicologo-madrid\/#\/schema\/person\/image\/\",\"url\":\"https:\/\/janapsicologa.com\/wp-content\/uploads\/2020\/03\/psicologa-jana-betere-2020.jpg\",\"contentUrl\":\"https:\/\/janapsicologa.com\/wp-content\/uploads\/2020\/03\/psicologa-jana-betere-2020.jpg\",\"width\":400,\"height\":391,\"caption\":\"Jana Beter\u00e9 Moreno\"},\"logo\":{\"@id\":\"https:\/\/janapsicologa.com\/psicologo-madrid\/#\/schema\/person\/image\/\"},\"description\":\"Psic\u00f3logo Madr\u00edd centro (glorieta de Bilbao). Me llamo Jana, trabajo como psic\u00f3loga en Madrid centro. Te ayudo a combatir tu ansiedad, mejorar tu autoestima, superar la depresi\u00f3n, manejar el estr\u00e9s y gestionar tus emociones mediante tratamiento psicol\u00f3gico. Tambi\u00e9n te puedo acompa\u00f1ar a superar una ruptura de pareja, afrontar miedos, obsesiones o fobias. Mi experiencia se centra en el trabajo con adolescentes y adultos. Te ayudo a superar aquello que te limita en tu d\u00eda a d\u00eda. Mi objetivo es que alcances el bienestar que deseas. \u00a1CON\u00d3CEME! Consulta las opiniones de mis pacientes\",\"sameAs\":[\"https:\/\/janapsicologa.com\",\"https:\/\/www.facebook.com\/psicojana\",\"https:\/\/x.com\/psicojana\"]}]}<\/script>\n<!-- \/ Yoast SEO plugin. -->","yoast_head_json":{"title":"Tratamiento psicol\u00f3gico de la Ansiedad","description":"Inf\u00f3rmate sobre el tratamiento psicol\u00f3gico de la ansiedad que ofrezco en mi consulta de psicolog\u00eda. Pide cita \u260e\ufe0f 668 87 03 13","robots":{"index":"index","follow":"follow","max-snippet":"max-snippet:-1","max-image-preview":"max-image-preview:large","max-video-preview":"max-video-preview:-1"},"canonical":"https:\/\/janapsicologa.com\/psicologo-madrid\/ansiedad\/","og_locale":"es_ES","og_type":"article","og_title":"Tratamiento psicol\u00f3gico de la Ansiedad","og_description":"Inf\u00f3rmate sobre el tratamiento psicol\u00f3gico de la ansiedad que ofrezco en mi consulta de psicolog\u00eda. Pide cita \u260e\ufe0f 668 87 03 13","og_url":"https:\/\/janapsicologa.com\/psicologo-madrid\/ansiedad\/","og_site_name":"Psic\u00f3loga Jana Beter\u00e9","article_publisher":"https:\/\/www.facebook.com\/psicojana","article_modified_time":"2020-06-24T13:53:32+00:00","og_image":[{"url":"https:\/\/janapsicologa.com\/wp-content\/uploads\/2020\/06\/icono-ansiedad-300x282.png","type":"","width":"","height":""}],"twitter_card":"summary_large_image","twitter_site":"@psicojana","twitter_misc":{"Tiempo de lectura":"7 minutos"},"schema":{"@context":"https:\/\/schema.org","@graph":[{"@type":"WebPage","@id":"https:\/\/janapsicologa.com\/psicologo-madrid\/ansiedad\/","url":"https:\/\/janapsicologa.com\/psicologo-madrid\/ansiedad\/","name":"Tratamiento psicol\u00f3gico de la Ansiedad","isPartOf":{"@id":"https:\/\/janapsicologa.com\/psicologo-madrid\/#website"},"primaryImageOfPage":{"@id":"https:\/\/janapsicologa.com\/psicologo-madrid\/ansiedad\/#primaryimage"},"image":{"@id":"https:\/\/janapsicologa.com\/psicologo-madrid\/ansiedad\/#primaryimage"},"thumbnailUrl":"https:\/\/janapsicologa.com\/wp-content\/uploads\/2020\/06\/icono-ansiedad-300x282.png","datePublished":"2018-04-23T10:06:25+00:00","dateModified":"2020-06-24T13:53:32+00:00","description":"Inf\u00f3rmate sobre el tratamiento psicol\u00f3gico de la ansiedad que ofrezco en mi consulta de psicolog\u00eda. Pide cita \u260e\ufe0f 668 87 03 13","breadcrumb":{"@id":"https:\/\/janapsicologa.com\/psicologo-madrid\/ansiedad\/#breadcrumb"},"inLanguage":"es","potentialAction":[{"@type":"ReadAction","target":["https:\/\/janapsicologa.com\/psicologo-madrid\/ansiedad\/"]}]},{"@type":"ImageObject","inLanguage":"es","@id":"https:\/\/janapsicologa.com\/psicologo-madrid\/ansiedad\/#primaryimage","url":"https:\/\/janapsicologa.com\/wp-content\/uploads\/2020\/06\/icono-ansiedad-300x282.png","contentUrl":"https:\/\/janapsicologa.com\/wp-content\/uploads\/2020\/06\/icono-ansiedad-300x282.png"},{"@type":"BreadcrumbList","@id":"https:\/\/janapsicologa.com\/psicologo-madrid\/ansiedad\/#breadcrumb","itemListElement":[{"@type":"ListItem","position":1,"name":"Portada","item":"https:\/\/janapsicologa.com\/psicologo-madrid\/"},{"@type":"ListItem","position":2,"name":"Tratamiento psicol\u00f3gico de la Ansiedad"}]},{"@type":"WebSite","@id":"https:\/\/janapsicologa.com\/psicologo-madrid\/#website","url":"https:\/\/janapsicologa.com\/psicologo-madrid\/","name":"Psic\u00f3loga Jana Beter\u00e9","description":"Tratamiento psicol\u00f3gico de ansiedad, autoestima, estr\u00e9s y gesti\u00f3n de emociones","publisher":{"@id":"https:\/\/janapsicologa.com\/psicologo-madrid\/#\/schema\/person\/0bcac00e2c0ee57bd750176742cbba5f"},"potentialAction":[{"@type":"SearchAction","target":{"@type":"EntryPoint","urlTemplate":"https:\/\/janapsicologa.com\/psicologo-madrid\/?s={search_term_string}"},"query-input":{"@type":"PropertyValueSpecification","valueRequired":true,"valueName":"search_term_string"}}],"inLanguage":"es"},{"@type":["Person","Organization"],"@id":"https:\/\/janapsicologa.com\/psicologo-madrid\/#\/schema\/person\/0bcac00e2c0ee57bd750176742cbba5f","name":"Jana Beter\u00e9 Moreno","image":{"@type":"ImageObject","inLanguage":"es","@id":"https:\/\/janapsicologa.com\/psicologo-madrid\/#\/schema\/person\/image\/","url":"https:\/\/janapsicologa.com\/wp-content\/uploads\/2020\/03\/psicologa-jana-betere-2020.jpg","contentUrl":"https:\/\/janapsicologa.com\/wp-content\/uploads\/2020\/03\/psicologa-jana-betere-2020.jpg","width":400,"height":391,"caption":"Jana Beter\u00e9 Moreno"},"logo":{"@id":"https:\/\/janapsicologa.com\/psicologo-madrid\/#\/schema\/person\/image\/"},"description":"Psic\u00f3logo Madr\u00edd centro (glorieta de Bilbao). Me llamo Jana, trabajo como psic\u00f3loga en Madrid centro. Te ayudo a combatir tu ansiedad, mejorar tu autoestima, superar la depresi\u00f3n, manejar el estr\u00e9s y gestionar tus emociones mediante tratamiento psicol\u00f3gico. Tambi\u00e9n te puedo acompa\u00f1ar a superar una ruptura de pareja, afrontar miedos, obsesiones o fobias. Mi experiencia se centra en el trabajo con adolescentes y adultos. Te ayudo a superar aquello que te limita en tu d\u00eda a d\u00eda. Mi objetivo es que alcances el bienestar que deseas. \u00a1CON\u00d3CEME! Consulta las opiniones de mis pacientes","sameAs":["https:\/\/janapsicologa.com","https:\/\/www.facebook.com\/psicojana","https:\/\/x.com\/psicojana"]}]}},"jetpack_sharing_enabled":true,"_links":{"self":[{"href":"https:\/\/janapsicologa.com\/psicologo-madrid\/wp-json\/wp\/v2\/pages\/2150"}],"collection":[{"href":"https:\/\/janapsicologa.com\/psicologo-madrid\/wp-json\/wp\/v2\/pages"}],"about":[{"href":"https:\/\/janapsicologa.com\/psicologo-madrid\/wp-json\/wp\/v2\/types\/page"}],"author":[{"embeddable":true,"href":"https:\/\/janapsicologa.com\/psicologo-madrid\/wp-json\/wp\/v2\/users\/2"}],"replies":[{"embeddable":true,"href":"https:\/\/janapsicologa.com\/psicologo-madrid\/wp-json\/wp\/v2\/comments?post=2150"}],"version-history":[{"count":31,"href":"https:\/\/janapsicologa.com\/psicologo-madrid\/wp-json\/wp\/v2\/pages\/2150\/revisions"}],"predecessor-version":[{"id":5181,"href":"https:\/\/janapsicologa.com\/psicologo-madrid\/wp-json\/wp\/v2\/pages\/2150\/revisions\/5181"}],"wp:attachment":[{"href":"https:\/\/janapsicologa.com\/psicologo-madrid\/wp-json\/wp\/v2\/media?parent=2150"}],"curies":[{"name":"wp","href":"https:\/\/api.w.org\/{rel}","templated":true}]}}