{"id":2159,"date":"2018-04-23T10:18:17","date_gmt":"2018-04-23T10:18:17","guid":{"rendered":"http:\/\/185.162.171.27\/~janapsic\/?page_id=2159"},"modified":"2020-06-18T14:41:59","modified_gmt":"2020-06-18T12:41:59","slug":"depresion","status":"publish","type":"page","link":"https:\/\/janapsicologa.com\/psicologo-madrid\/depresion\/","title":{"rendered":"Tratamiento psicol\u00f3gico de la Depresi\u00f3n"},"content":{"rendered":"<p><img loading=\"lazy\" decoding=\"async\" class=\"aligncenter wp-image-5099 size-medium\" src=\"https:\/\/janapsicologa.com\/wp-content\/uploads\/2020\/06\/icono-depresion-300x300.png\" alt=\"\" width=\"300\" height=\"300\" srcset=\"https:\/\/janapsicologa.com\/wp-content\/uploads\/2020\/06\/icono-depresion-300x300.png 300w, https:\/\/janapsicologa.com\/wp-content\/uploads\/2020\/06\/icono-depresion-150x150.png 150w, https:\/\/janapsicologa.com\/wp-content\/uploads\/2020\/06\/icono-depresion-768x768.png 768w, https:\/\/janapsicologa.com\/wp-content\/uploads\/2020\/06\/icono-depresion-700x700.png 700w, https:\/\/janapsicologa.com\/wp-content\/uploads\/2020\/06\/icono-depresion-100x100.png 100w, https:\/\/janapsicologa.com\/wp-content\/uploads\/2020\/06\/icono-depresion-400x400.png 400w, https:\/\/janapsicologa.com\/wp-content\/uploads\/2020\/06\/icono-depresion.png 907w\" sizes=\"(max-width: 300px) 100vw, 300px\" \/><\/p>\n\n<h2>\u00bfQu\u00e9 es la depresi\u00f3n?<\/h2>\n<p>El t\u00e9rmino depresi\u00f3n est\u00e1 muy presente en nuestra comunicaci\u00f3n. Al tener un mal d\u00eda, al estar cansados, cuando sentimos que nuestro estado de \u00e1nimo est\u00e1 m\u00e1s bajo de lo habitual, aparecen esas expresiones de \u00abestoy deprimido\u00bb, \u00abhe tenido un fin de semana bastante depre\u00bb.<\/p>\n<p>La depresi\u00f3n es mucho m\u00e1s que un mal d\u00eda o una mala semana. Es un serio trastorno emocional que implica cambios importantes en nuestra forma de relacionarnos con nuestro entorno, pudiendo experimentar entre otros s\u00edntomas:<\/p>\n<ul>\n<li>Sentimiento constante de tristeza,\u00a0apat\u00eda, \u00e1nimo bajo,<\/li>\n<li>Falta de motivaci\u00f3n y\/o p\u00e9rdida de inter\u00e9s por realizar aquellas actividades con las que antes disfrut\u00e1bamos.<\/li>\n<\/ul>\n<p>Este malestar emocional nos van a afectar de forma global, influyendo en nuestros sentimientos, pensamientos y comportamientos y afectando directamente a todas las \u00e1reas de nuestras vida (laboral, familiar, relaci\u00f3n de pareja, amistades).<\/p>\n<p>Es frecuente que vayamos reduciendo nuestras actividades, volvi\u00e9ndonos\u00a0m\u00e1s pasivos.\u00a0Si esta inercia nos domina, llegaremos a una rutina en la que<strong>,<\/strong> de forma m\u00e1s o menos r\u00e1pida, nos estaremos aislando, dejando de salir, de relacionarnos y en resumen, dejando de tener experiencias positivas y reparadoras.<\/p>\n<h2>Diferencia entre la tristeza y la depresi\u00f3n<\/h2>\n<p>No es lo mismo estar triste que tener depresi\u00f3n.<\/p>\n<p>La tristeza es una emoci\u00f3n que aparece cuando hemos vivido una p\u00e9rdida de alguien o algo querido (una persona, una relaci\u00f3n, un trabajo, un objeto material, un estatus, un contexto, etc). Su expresi\u00f3n es necesaria, y tiene una funci\u00f3n adaptativa importante. Estamos expresando el dolor que nos produce esa p\u00e9rdida y nos invita a pedir ayuda a nuestro entorno.<\/p>\n<p>La tristeza es por tanto un s\u00edntoma m\u00e1s que se puede experimentar al estar deprimido. Si es una emoci\u00f3n que no estamos pudiendo elaborar y que estamos sintiendo con mucha intensidad y duraci\u00f3n, afectando nuestro d\u00eda a d\u00eda, podr\u00e1 favorecer la aparici\u00f3n de la depresi\u00f3n.<\/p>\n<h2>Relaci\u00f3n entre la ansiedad y la depresi\u00f3n<\/h2>\n<p>La ansiedad y la depresi\u00f3n suelen ser dos \u00abamigas\u00bb que van juntas. Cuando estamos en una situaci\u00f3n de conflicto que necesitamos resolver y no lo conseguimos, puede aparecer la ansiedad.<\/p>\n<p>Sentimos ansiedad en el proceso de enfrentar aquello que queremos o tememos, y tristeza si vemos que, de momento, no lo podemos conseguir. Igualmente, la propia experiencia de sentir ansiedad altera nuestro estado de \u00e1nimo, sinti\u00e9ndonos tristes por no sentirnos \u00abbien\u00bb.<\/p>\n<p>La ansiedad, igual que la tristeza, puede ser un s\u00edntoma m\u00e1s de nuestro proceso depresivo.<\/p>\n<h2>S\u00edntomas de la depresi\u00f3n<\/h2>\n<p>Si estamos viviendo un trastorno depresivo, podremos experimentar s\u00edntomas f\u00edsicos, emocionales, cognitivos o conductuales. A continuaci\u00f3n, puedes ver un listado con los s\u00edntomas de la depresi\u00f3n.<\/p>\n<h3>S\u00edntomas f\u00edsicos<\/h3>\n<ul>\n<li>Cansancio continuo<\/li>\n<li>Fatiga<\/li>\n<li>Sensaci\u00f3n de p\u00e9rdida de energ\u00eda<\/li>\n<li>Movimientos enlentecidos o por el contrario<\/li>\n<li>Agitaci\u00f3n f\u00edsica<\/li>\n<li>P\u00e9rdida de apetito o aumento<\/li>\n<\/ul>\n<h3>S\u00edntomas emocionales<\/h3>\n<ul>\n<li>Podemos sentir tristeza<\/li>\n<li>P\u00e9rdida de inter\u00e9s<\/li>\n<li>Reducci\u00f3n en la capacidad para sentir placer<\/li>\n<li>Irritabilidad<\/li>\n<li>Irascibilidad<\/li>\n<li>Baja autoestima<\/li>\n<li>Bajo deseo sexual<\/li>\n<li>Ansiedad<\/li>\n<li>Angustia<\/li>\n<li>Sentimientos de inutilidad<\/li>\n<li>Culpa excesiva<\/li>\n<\/ul>\n<h3>S\u00edntomas cognitivos<\/h3>\n<ul>\n<li>Podemos tener dificultades en la concentraci\u00f3n<\/li>\n<li>Sensaci\u00f3n de p\u00e9rdida de memoria<\/li>\n<li>Dificultad en la toma de decisiones<\/li>\n<li>Pensamientos recurrentes sobre el sentido de la vida, la muerte<\/li>\n<li>Ideas suicidas o tentativas de suicidio<\/li>\n<\/ul>\n<h3>S\u00edntomas conductuales<\/h3>\n<ul>\n<li>Insomnio o hipersonmnia<\/li>\n<li>Aislamiento<\/li>\n<li>Reducci\u00f3n en el n\u00famero de actividades agradables que realizamos<\/li>\n<\/ul>\n<h2>Causas de la depresi\u00f3n<\/h2>\n<p>Conocer las causas de la depresi\u00f3n es algo que puede ayudarnos en el proceso, ya que muchas veces caemos en la pregunta de \u00bfPor qu\u00e9 tengo depresi\u00f3n? sin poder salir de ah\u00ed, sinti\u00e9ndonos v\u00edctimas e incapaces de romper la espiral de malestar.<\/p>\n<p>Pero en muchas ocasiones no sabemos por qu\u00e9 nos estamos sintiendo as\u00ed. Las causas de tener depresi\u00f3n pueden ser multifactoriales, influyendo en el desarrollo del trastorno la vulnerabilidad biol\u00f3gica, nuestros rasgos psicol\u00f3gicos o los factores ambientales a los que estamos expuestos.<\/p>\n<p>A continuaci\u00f3n, puedes ver los tres tipos de causas de depresi\u00f3n que se conocen:<\/p>\n<h3>Causas externas de la depresi\u00f3n<\/h3>\n<p>Se determinan como causas externas aquellas experiencias, dificultades, decepciones vividas por la persona que conllevan una <span style=\"color: #ff00ff;\">p\u00e9rdida dolorosa<\/span>. Estas p\u00e9rdidas provocar\u00e1n una respuesta emocional inicial de\u00a0tristeza.\u00a0Si la persona no sabe o no puede afrontarla con eficacia, ser\u00e1 cuando pueda verse saturada por la situaci\u00f3n, notando cambios emocionales, cognitivos, y conductuales.<\/p>\n<p>Duelos, despidos, rupturas de pareja, p\u00e9rdida de amistades, son ejemplos de situaciones que pueden estar en el origen de un cuadro depresivo.<\/p>\n<p>Para que una persona se deprima, ser\u00eda necesario que ocurran <span style=\"color: #ff00ff;\">cambios en el ambiente<\/span> en el que vive, que sean percibidos como desagradables, y que supongan una p\u00e9rdida de\u00a0algo valioso para ella (un puesto de trabajo, una pareja, una amistad, etc\u2026)<\/p>\n<p>Por tanto, la depresi\u00f3n puede\u00a0aparecer tras un cambio en la vida que afecta negativamente.\u00a0El impacto de la p\u00e9rdida depender\u00e1\u00a0del valor subjetivo que le otorguemos a dicha p\u00e9rdida.\u00a0Puedo perder mi trabajo, pero si es un trabajo que no me gustaba en absoluto, la p\u00e9rdida no me afectar\u00e1 tanto como si fuese el trabajo de mi vida.<\/p>\n<p>Podemos decir que la depresi\u00f3n aparece cuando en las experiencias que vivimos, no s\u00f3lo pierdo mi trabajo en s\u00ed, sino todo lo que le rodea que me generaba bienestar (aspectos sociales, religiosos, emocionales, laborales, etc).<\/p>\n<p>Incluso los cambios positivos, como un ascenso en el trabajo, o mudarse a una casa m\u00e1s grande, llevan aparejados cambios, peque\u00f1as <span style=\"color: #ff00ff;\">p\u00e9rdidas de bienestar<\/span>, que pueden provocar depresi\u00f3n.<\/p>\n<h4><span style=\"color: #ff00ff;\"><strong>Por ejemplo, <\/strong><\/span><\/h4>\n<p>Si me cambio de ciudad, de casa, de gimnasio,\u00a0pero sigo haciendo las mismas cosas que antes hac\u00eda, deporte, salir con gente\u2026, en teor\u00eda no deber\u00eda deprimirme, porque aparentemente no he perdido esas fuentes de bienestar.<\/p>\n<p>Sin embargo es posible que ocurra. Esto es debido a que muchas veces el que disfrutemos de una determinada actividad no s\u00f3lo tiene que ver con la actividad en s\u00ed misma, sino tambi\u00e9n con los pasos previos, simult\u00e1neos, o posteriores a la actividad, que son los que nos producen placer.<\/p>\n<p>Aunque siga haciendo deporte, he perdido quedar con un buen amigo para entrenar juntos, charlar mientras, y tomar un aperitivo despu\u00e9s.<\/p>\n<p>Tendremos en cuenta tambi\u00e9n, al analizar los factores ambientales\u00a0el aumento en la cantidad o calidad de los sucesos negativos. Es decir, si estoy viviendo un aumento significativo de las <span style=\"color: #ff00ff;\">experiencias negativas<\/span>, no s\u00f3lo desequilibrar\u00e1 la balanza, sino que pueden restan valor a lo positivo.<\/p>\n<h3>Causas internas de la depresi\u00f3n<\/h3>\n<p>La causa fundamental de este tipo de depresi\u00f3n suele ser biol\u00f3gica. En estos casos la persona no asocia su malestar a un suceso vivido externo y suele haber un componente estacional o hereditario.<\/p>\n<h3>Causas org\u00e1nicas de la depresi\u00f3n<\/h3>\n<p>En estas situaciones el origen de la depresi\u00f3n suele estar vinculado a un aspecto fisiol\u00f3gico u org\u00e1nico como puede ser el caso de enfermedades, consumo de f\u00e1rmacos, anemias, trastornos hormonales, etc.<\/p>\n<h2>Tipos de trastornos de depresi\u00f3n<\/h2>\n<p>A la hora de clasificar los tipos de trastornos de depresi\u00f3n, los psic\u00f3logos tenemos en cuenta la gravedad del trastorno, la duraci\u00f3n y los s\u00edntomas expresados, entre otros factores.<\/p>\n<p>Teniendo en cuenta esas condiciones, podemos encontrar este listado de trastornos asociados al estado de \u00e1nimo:<\/p>\n<ul>\n<li>Trastorno de depresi\u00f3n mayor<\/li>\n<li>Depresi\u00f3n postparto<\/li>\n<li>Trastorno de desregularizaci\u00f3n perturbador del estado de \u00e1nimo<\/li>\n<li>Distimia &#8211; Trastorno depresivo persistente<\/li>\n<li>Trastorno disf\u00f3rico premenstrual<\/li>\n<li>Trastorno depresivo inducido por sustancias o medicamentos<\/li>\n<li>Trastorno depresivo no especificado<\/li>\n<\/ul>\n<h2>\u00bfEn que consiste el tratamiento de la depresi\u00f3n?<\/h2>\n<p>El tratamiento psicol\u00f3gico de la depresi\u00f3n que te ofrezco, tiene un enfoque integrador, en el que trabajaremos con t\u00e9cnicas y enfoques diferentes que han demostrado ser eficaces. Adoptaremos un enfoque desde la aceptaci\u00f3n del trastorno, y no tanto desde la actitud de lucha.<\/p>\n<p>Los objetivos de la terapia son los siguientes:<\/p>\n<ul>\n<li>Conocer qu\u00e9 es la depresi\u00f3n, c\u00f3mo funciona, c\u00f3mo manejarla y prevenirla.<\/li>\n<li>Ampliar el conocimiento sobre ti, identificando qu\u00e9 sientes, c\u00f3mo lo sientes y que te puede ayudar a vivir esas emociones desde la aceptaci\u00f3n.<\/li>\n<li>Atender las pautas de autocuidado, eligiendo aquellos comportamientos que te ayuden a regular la emoci\u00f3n sin aislarte, o encerrarte en un bucle negativo.<\/li>\n<li>Solucionar situaciones del pasado que estuvieran pendientes, generando malestar en tu presente.<\/li>\n<li>Aumentar tu autoestima, valor\u00e1ndote globalmente.<\/li>\n<li>Identificar aquellas creencias limitantes que te est\u00e9n condicionando, modific\u00e1ndolas o elimin\u00e1ndolas.<\/li>\n<li>Aprender a quererte tal y como eres.<\/li>\n<\/ul>\n<p>El proceso se iniciar\u00e1 con una evaluaci\u00f3n psicol\u00f3gica para conocer cu\u00e1l es tu situaci\u00f3n personal.<\/p>\n<p>Despu\u00e9s, trabajaremos en consulta para alcanzar tus objetivos, mediante el uso y aprendizaje de t\u00e9cnicas \u00fatiles que te ayuden a superar la depresi\u00f3n.<\/p>\n<blockquote><p>\u201cS\u00e9 c\u00f3mo t\u00fa eres, de manera que puedas ver qui\u00e9n eres y c\u00f3mo eres. Deja por unos momentos lo que debes hacer y descubre lo que realmente haces\u201d.<\/p><\/blockquote>\n<p>-Fritz Perls<\/p>\n<p>Finalmente trabajaremos no s\u00f3lo para que superes tu estado de \u00e1nimo depresivo, si no para que te sientas t\u00fa mismo en todas tus \u00e1reas, contextos y relaciones.<\/p>\n<p style=\"text-align: center;\"><em>Si necesitas la ayuda de un psic\u00f3logo para recuperar tu estado de \u00e1nimo,<\/em><\/p>\n<p style=\"text-align: center;\"><strong>Pide cita \u260e\ufe0f 668 87 03 13<\/strong><\/p>\n","protected":false},"excerpt":{"rendered":"<p>\u00bfQu\u00e9 es la depresi\u00f3n? El t\u00e9rmino depresi\u00f3n est\u00e1 muy presente en nuestra comunicaci\u00f3n. Al tener un mal d\u00eda, al estar cansados, cuando sentimos que nuestro estado de \u00e1nimo est\u00e1 m\u00e1s bajo de lo habitual, aparecen esas expresiones de \u00abestoy deprimido\u00bb, \u00abhe tenido un fin de semana bastante depre\u00bb. La depresi\u00f3n es mucho m\u00e1s que un &hellip; <a href=\"https:\/\/janapsicologa.com\/psicologo-madrid\/depresion\/\" class=\"more-link\">Seguir leyendo <span class=\"screen-reader-text\">Tratamiento psicol\u00f3gico de la Depresi\u00f3n<\/span> <span class=\"meta-nav\">&rarr;<\/span><\/a><\/p>\n","protected":false},"author":2,"featured_media":2392,"parent":0,"menu_order":0,"comment_status":"closed","ping_status":"closed","template":"","meta":{"footnotes":""},"class_list":["post-2159","page","type-page","status-publish","has-post-thumbnail","hentry"],"yoast_head":"<!-- This site is optimized with the Yoast SEO plugin v25.6 - https:\/\/yoast.com\/wordpress\/plugins\/seo\/ -->\n<title>Tratamiento psicol\u00f3gico de la Depresi\u00f3n<\/title>\n<meta name=\"description\" content=\"Tratamiento de depresi\u00f3n mediante t\u00e9cnicas y enfoques eficaces. Inf\u00f3rmate sin compromiso \u260e\ufe0f 668 87 03 13 \u25baPsic\u00f3logo en Madrid.\" \/>\n<meta name=\"robots\" content=\"index, follow, max-snippet:-1, max-image-preview:large, max-video-preview:-1\" \/>\n<link rel=\"canonical\" href=\"https:\/\/janapsicologa.com\/psicologo-madrid\/depresion\/\" \/>\n<meta property=\"og:locale\" content=\"es_ES\" \/>\n<meta property=\"og:type\" content=\"article\" \/>\n<meta property=\"og:title\" content=\"Tratamiento psicol\u00f3gico de la Depresi\u00f3n\" \/>\n<meta property=\"og:description\" content=\"Tratamiento de depresi\u00f3n mediante t\u00e9cnicas y enfoques eficaces. Inf\u00f3rmate sin compromiso \u260e\ufe0f 668 87 03 13 \u25baPsic\u00f3logo en Madrid.\" \/>\n<meta property=\"og:url\" content=\"https:\/\/janapsicologa.com\/psicologo-madrid\/depresion\/\" \/>\n<meta property=\"og:site_name\" content=\"Psic\u00f3loga Jana Beter\u00e9\" \/>\n<meta property=\"article:publisher\" content=\"https:\/\/www.facebook.com\/psicojana\" \/>\n<meta property=\"article:modified_time\" content=\"2020-06-18T12:41:59+00:00\" \/>\n<meta property=\"og:image\" content=\"https:\/\/janapsicologa.com\/wp-content\/uploads\/2018\/05\/psicologo-madrid-portada.jpg\" \/>\n\t<meta property=\"og:image:width\" content=\"898\" \/>\n\t<meta property=\"og:image:height\" content=\"600\" \/>\n\t<meta property=\"og:image:type\" content=\"image\/jpeg\" \/>\n<meta name=\"twitter:card\" content=\"summary_large_image\" \/>\n<meta name=\"twitter:site\" content=\"@psicojana\" \/>\n<meta name=\"twitter:label1\" content=\"Tiempo de lectura\" \/>\n\t<meta name=\"twitter:data1\" content=\"8 minutos\" \/>\n<script type=\"application\/ld+json\" class=\"yoast-schema-graph\">{\"@context\":\"https:\/\/schema.org\",\"@graph\":[{\"@type\":\"WebPage\",\"@id\":\"https:\/\/janapsicologa.com\/psicologo-madrid\/depresion\/\",\"url\":\"https:\/\/janapsicologa.com\/psicologo-madrid\/depresion\/\",\"name\":\"Tratamiento psicol\u00f3gico de la Depresi\u00f3n\",\"isPartOf\":{\"@id\":\"https:\/\/janapsicologa.com\/psicologo-madrid\/#website\"},\"primaryImageOfPage\":{\"@id\":\"https:\/\/janapsicologa.com\/psicologo-madrid\/depresion\/#primaryimage\"},\"image\":{\"@id\":\"https:\/\/janapsicologa.com\/psicologo-madrid\/depresion\/#primaryimage\"},\"thumbnailUrl\":\"https:\/\/janapsicologa.com\/wp-content\/uploads\/2018\/05\/psicologo-madrid-portada.jpg\",\"datePublished\":\"2018-04-23T10:18:17+00:00\",\"dateModified\":\"2020-06-18T12:41:59+00:00\",\"description\":\"Tratamiento de depresi\u00f3n mediante t\u00e9cnicas y enfoques eficaces. Inf\u00f3rmate sin compromiso \u260e\ufe0f 668 87 03 13 \u25baPsic\u00f3logo en Madrid.\",\"breadcrumb\":{\"@id\":\"https:\/\/janapsicologa.com\/psicologo-madrid\/depresion\/#breadcrumb\"},\"inLanguage\":\"es\",\"potentialAction\":[{\"@type\":\"ReadAction\",\"target\":[\"https:\/\/janapsicologa.com\/psicologo-madrid\/depresion\/\"]}]},{\"@type\":\"ImageObject\",\"inLanguage\":\"es\",\"@id\":\"https:\/\/janapsicologa.com\/psicologo-madrid\/depresion\/#primaryimage\",\"url\":\"https:\/\/janapsicologa.com\/wp-content\/uploads\/2018\/05\/psicologo-madrid-portada.jpg\",\"contentUrl\":\"https:\/\/janapsicologa.com\/wp-content\/uploads\/2018\/05\/psicologo-madrid-portada.jpg\",\"width\":898,\"height\":600,\"caption\":\"proceso-terapia-psicologa-jana-betere-psicologo-madrid\"},{\"@type\":\"BreadcrumbList\",\"@id\":\"https:\/\/janapsicologa.com\/psicologo-madrid\/depresion\/#breadcrumb\",\"itemListElement\":[{\"@type\":\"ListItem\",\"position\":1,\"name\":\"Portada\",\"item\":\"https:\/\/janapsicologa.com\/psicologo-madrid\/\"},{\"@type\":\"ListItem\",\"position\":2,\"name\":\"Tratamiento psicol\u00f3gico de la Depresi\u00f3n\"}]},{\"@type\":\"WebSite\",\"@id\":\"https:\/\/janapsicologa.com\/psicologo-madrid\/#website\",\"url\":\"https:\/\/janapsicologa.com\/psicologo-madrid\/\",\"name\":\"Psic\u00f3loga Jana Beter\u00e9\",\"description\":\"Tratamiento psicol\u00f3gico de ansiedad, autoestima, estr\u00e9s y gesti\u00f3n de emociones\",\"publisher\":{\"@id\":\"https:\/\/janapsicologa.com\/psicologo-madrid\/#\/schema\/person\/0bcac00e2c0ee57bd750176742cbba5f\"},\"potentialAction\":[{\"@type\":\"SearchAction\",\"target\":{\"@type\":\"EntryPoint\",\"urlTemplate\":\"https:\/\/janapsicologa.com\/psicologo-madrid\/?s={search_term_string}\"},\"query-input\":{\"@type\":\"PropertyValueSpecification\",\"valueRequired\":true,\"valueName\":\"search_term_string\"}}],\"inLanguage\":\"es\"},{\"@type\":[\"Person\",\"Organization\"],\"@id\":\"https:\/\/janapsicologa.com\/psicologo-madrid\/#\/schema\/person\/0bcac00e2c0ee57bd750176742cbba5f\",\"name\":\"Jana Beter\u00e9 Moreno\",\"image\":{\"@type\":\"ImageObject\",\"inLanguage\":\"es\",\"@id\":\"https:\/\/janapsicologa.com\/psicologo-madrid\/#\/schema\/person\/image\/\",\"url\":\"https:\/\/janapsicologa.com\/wp-content\/uploads\/2020\/03\/psicologa-jana-betere-2020.jpg\",\"contentUrl\":\"https:\/\/janapsicologa.com\/wp-content\/uploads\/2020\/03\/psicologa-jana-betere-2020.jpg\",\"width\":400,\"height\":391,\"caption\":\"Jana Beter\u00e9 Moreno\"},\"logo\":{\"@id\":\"https:\/\/janapsicologa.com\/psicologo-madrid\/#\/schema\/person\/image\/\"},\"description\":\"Psic\u00f3logo Madr\u00edd centro (glorieta de Bilbao). Me llamo Jana, trabajo como psic\u00f3loga en Madrid centro. Te ayudo a combatir tu ansiedad, mejorar tu autoestima, superar la depresi\u00f3n, manejar el estr\u00e9s y gestionar tus emociones mediante tratamiento psicol\u00f3gico. Tambi\u00e9n te puedo acompa\u00f1ar a superar una ruptura de pareja, afrontar miedos, obsesiones o fobias. Mi experiencia se centra en el trabajo con adolescentes y adultos. Te ayudo a superar aquello que te limita en tu d\u00eda a d\u00eda. Mi objetivo es que alcances el bienestar que deseas. \u00a1CON\u00d3CEME! Consulta las opiniones de mis pacientes\",\"sameAs\":[\"https:\/\/janapsicologa.com\",\"https:\/\/www.facebook.com\/psicojana\",\"https:\/\/x.com\/psicojana\"]}]}<\/script>\n<!-- \/ Yoast SEO plugin. -->","yoast_head_json":{"title":"Tratamiento psicol\u00f3gico de la Depresi\u00f3n","description":"Tratamiento de depresi\u00f3n mediante t\u00e9cnicas y enfoques eficaces. Inf\u00f3rmate sin compromiso \u260e\ufe0f 668 87 03 13 \u25baPsic\u00f3logo en Madrid.","robots":{"index":"index","follow":"follow","max-snippet":"max-snippet:-1","max-image-preview":"max-image-preview:large","max-video-preview":"max-video-preview:-1"},"canonical":"https:\/\/janapsicologa.com\/psicologo-madrid\/depresion\/","og_locale":"es_ES","og_type":"article","og_title":"Tratamiento psicol\u00f3gico de la Depresi\u00f3n","og_description":"Tratamiento de depresi\u00f3n mediante t\u00e9cnicas y enfoques eficaces. Inf\u00f3rmate sin compromiso \u260e\ufe0f 668 87 03 13 \u25baPsic\u00f3logo en Madrid.","og_url":"https:\/\/janapsicologa.com\/psicologo-madrid\/depresion\/","og_site_name":"Psic\u00f3loga Jana Beter\u00e9","article_publisher":"https:\/\/www.facebook.com\/psicojana","article_modified_time":"2020-06-18T12:41:59+00:00","og_image":[{"width":898,"height":600,"url":"https:\/\/janapsicologa.com\/wp-content\/uploads\/2018\/05\/psicologo-madrid-portada.jpg","type":"image\/jpeg"}],"twitter_card":"summary_large_image","twitter_site":"@psicojana","twitter_misc":{"Tiempo de lectura":"8 minutos"},"schema":{"@context":"https:\/\/schema.org","@graph":[{"@type":"WebPage","@id":"https:\/\/janapsicologa.com\/psicologo-madrid\/depresion\/","url":"https:\/\/janapsicologa.com\/psicologo-madrid\/depresion\/","name":"Tratamiento psicol\u00f3gico de la Depresi\u00f3n","isPartOf":{"@id":"https:\/\/janapsicologa.com\/psicologo-madrid\/#website"},"primaryImageOfPage":{"@id":"https:\/\/janapsicologa.com\/psicologo-madrid\/depresion\/#primaryimage"},"image":{"@id":"https:\/\/janapsicologa.com\/psicologo-madrid\/depresion\/#primaryimage"},"thumbnailUrl":"https:\/\/janapsicologa.com\/wp-content\/uploads\/2018\/05\/psicologo-madrid-portada.jpg","datePublished":"2018-04-23T10:18:17+00:00","dateModified":"2020-06-18T12:41:59+00:00","description":"Tratamiento de depresi\u00f3n mediante t\u00e9cnicas y enfoques eficaces. Inf\u00f3rmate sin compromiso \u260e\ufe0f 668 87 03 13 \u25baPsic\u00f3logo en Madrid.","breadcrumb":{"@id":"https:\/\/janapsicologa.com\/psicologo-madrid\/depresion\/#breadcrumb"},"inLanguage":"es","potentialAction":[{"@type":"ReadAction","target":["https:\/\/janapsicologa.com\/psicologo-madrid\/depresion\/"]}]},{"@type":"ImageObject","inLanguage":"es","@id":"https:\/\/janapsicologa.com\/psicologo-madrid\/depresion\/#primaryimage","url":"https:\/\/janapsicologa.com\/wp-content\/uploads\/2018\/05\/psicologo-madrid-portada.jpg","contentUrl":"https:\/\/janapsicologa.com\/wp-content\/uploads\/2018\/05\/psicologo-madrid-portada.jpg","width":898,"height":600,"caption":"proceso-terapia-psicologa-jana-betere-psicologo-madrid"},{"@type":"BreadcrumbList","@id":"https:\/\/janapsicologa.com\/psicologo-madrid\/depresion\/#breadcrumb","itemListElement":[{"@type":"ListItem","position":1,"name":"Portada","item":"https:\/\/janapsicologa.com\/psicologo-madrid\/"},{"@type":"ListItem","position":2,"name":"Tratamiento psicol\u00f3gico de la Depresi\u00f3n"}]},{"@type":"WebSite","@id":"https:\/\/janapsicologa.com\/psicologo-madrid\/#website","url":"https:\/\/janapsicologa.com\/psicologo-madrid\/","name":"Psic\u00f3loga Jana Beter\u00e9","description":"Tratamiento psicol\u00f3gico de ansiedad, autoestima, estr\u00e9s y gesti\u00f3n de emociones","publisher":{"@id":"https:\/\/janapsicologa.com\/psicologo-madrid\/#\/schema\/person\/0bcac00e2c0ee57bd750176742cbba5f"},"potentialAction":[{"@type":"SearchAction","target":{"@type":"EntryPoint","urlTemplate":"https:\/\/janapsicologa.com\/psicologo-madrid\/?s={search_term_string}"},"query-input":{"@type":"PropertyValueSpecification","valueRequired":true,"valueName":"search_term_string"}}],"inLanguage":"es"},{"@type":["Person","Organization"],"@id":"https:\/\/janapsicologa.com\/psicologo-madrid\/#\/schema\/person\/0bcac00e2c0ee57bd750176742cbba5f","name":"Jana Beter\u00e9 Moreno","image":{"@type":"ImageObject","inLanguage":"es","@id":"https:\/\/janapsicologa.com\/psicologo-madrid\/#\/schema\/person\/image\/","url":"https:\/\/janapsicologa.com\/wp-content\/uploads\/2020\/03\/psicologa-jana-betere-2020.jpg","contentUrl":"https:\/\/janapsicologa.com\/wp-content\/uploads\/2020\/03\/psicologa-jana-betere-2020.jpg","width":400,"height":391,"caption":"Jana Beter\u00e9 Moreno"},"logo":{"@id":"https:\/\/janapsicologa.com\/psicologo-madrid\/#\/schema\/person\/image\/"},"description":"Psic\u00f3logo Madr\u00edd centro (glorieta de Bilbao). Me llamo Jana, trabajo como psic\u00f3loga en Madrid centro. Te ayudo a combatir tu ansiedad, mejorar tu autoestima, superar la depresi\u00f3n, manejar el estr\u00e9s y gestionar tus emociones mediante tratamiento psicol\u00f3gico. Tambi\u00e9n te puedo acompa\u00f1ar a superar una ruptura de pareja, afrontar miedos, obsesiones o fobias. Mi experiencia se centra en el trabajo con adolescentes y adultos. Te ayudo a superar aquello que te limita en tu d\u00eda a d\u00eda. Mi objetivo es que alcances el bienestar que deseas. \u00a1CON\u00d3CEME! Consulta las opiniones de mis pacientes","sameAs":["https:\/\/janapsicologa.com","https:\/\/www.facebook.com\/psicojana","https:\/\/x.com\/psicojana"]}]}},"jetpack_sharing_enabled":true,"_links":{"self":[{"href":"https:\/\/janapsicologa.com\/psicologo-madrid\/wp-json\/wp\/v2\/pages\/2159"}],"collection":[{"href":"https:\/\/janapsicologa.com\/psicologo-madrid\/wp-json\/wp\/v2\/pages"}],"about":[{"href":"https:\/\/janapsicologa.com\/psicologo-madrid\/wp-json\/wp\/v2\/types\/page"}],"author":[{"embeddable":true,"href":"https:\/\/janapsicologa.com\/psicologo-madrid\/wp-json\/wp\/v2\/users\/2"}],"replies":[{"embeddable":true,"href":"https:\/\/janapsicologa.com\/psicologo-madrid\/wp-json\/wp\/v2\/comments?post=2159"}],"version-history":[{"count":18,"href":"https:\/\/janapsicologa.com\/psicologo-madrid\/wp-json\/wp\/v2\/pages\/2159\/revisions"}],"predecessor-version":[{"id":5112,"href":"https:\/\/janapsicologa.com\/psicologo-madrid\/wp-json\/wp\/v2\/pages\/2159\/revisions\/5112"}],"wp:featuredmedia":[{"embeddable":true,"href":"https:\/\/janapsicologa.com\/psicologo-madrid\/wp-json\/wp\/v2\/media\/2392"}],"wp:attachment":[{"href":"https:\/\/janapsicologa.com\/psicologo-madrid\/wp-json\/wp\/v2\/media?parent=2159"}],"curies":[{"name":"wp","href":"https:\/\/api.w.org\/{rel}","templated":true}]}}