{"id":2177,"date":"2018-04-23T11:30:10","date_gmt":"2018-04-23T11:30:10","guid":{"rendered":"http:\/\/185.162.171.27\/~janapsic\/?page_id=2177"},"modified":"2020-06-18T14:41:00","modified_gmt":"2020-06-18T12:41:00","slug":"fobia","status":"publish","type":"page","link":"https:\/\/janapsicologa.com\/psicologo-madrid\/fobia\/","title":{"rendered":"Tratamiento psicol\u00f3gico de fobias y miedos"},"content":{"rendered":"<p><img loading=\"lazy\" decoding=\"async\" class=\"aligncenter wp-image-5098 size-medium\" src=\"https:\/\/janapsicologa.com\/wp-content\/uploads\/2020\/06\/icono-miedo-300x300.png\" alt=\"\" width=\"300\" height=\"300\" srcset=\"https:\/\/janapsicologa.com\/wp-content\/uploads\/2020\/06\/icono-miedo-300x300.png 300w, https:\/\/janapsicologa.com\/wp-content\/uploads\/2020\/06\/icono-miedo-150x150.png 150w, https:\/\/janapsicologa.com\/wp-content\/uploads\/2020\/06\/icono-miedo-768x768.png 768w, https:\/\/janapsicologa.com\/wp-content\/uploads\/2020\/06\/icono-miedo-700x700.png 700w, https:\/\/janapsicologa.com\/wp-content\/uploads\/2020\/06\/icono-miedo-100x100.png 100w, https:\/\/janapsicologa.com\/wp-content\/uploads\/2020\/06\/icono-miedo-400x400.png 400w, https:\/\/janapsicologa.com\/wp-content\/uploads\/2020\/06\/icono-miedo.png 1003w\" sizes=\"(max-width: 300px) 100vw, 300px\" \/><\/p>\n<p>El tratamiento por parte de los psic\u00f3logos para superar los miedos o fobias suele ser altamente efectivo. Un psic\u00f3logo puede ayudarte a conocer tu fobia y que conozcas herramientas que te ayuden a enfrentarla, pero en \u00faltima medida ser\u00e1s tu, con tu trabajo, quien que vayas dando los pasos que necesites hasta tolerar esos miedos.<\/p>\n\n<h2>\u00bfQu\u00e9 son los miedos y las fobias?<\/h2>\n<p>Podemos decir que tenemos fobia cuando sentimos miedo o ansiedad de forma intensa ante un objeto o situaci\u00f3n concreta. Como puede ser cuando cogemos un avi\u00f3n y sentimos miedo a volar (aerofobia), o cuando nos tenemos que hacer un an\u00e1lisis de sangre y sentimos miedo a la sangre o a que nos pinchen (tripanofobia).<\/p>\n<h2>\u00bfQue suele pasar cuando tenemos fobia?<\/h2>\n<p>Ante s\u00edntomas relacionados con miedo o fobias que pueda <strong>limitarnos<\/strong> en el d\u00eda a d\u00eda, es conveniente valorar la ayuda de un psic\u00f3logo.<\/p>\n<p>Cuando experimentamos miedo o tenemos una fobia, generalmente evitamos aquello que tememos o si somos capaces de enfrentarlo, lo hacemos con mucho malestar. Sentimos miedo y ansiedad inmediata ante la presencia de lo temido, y su intensidad suele ser elevada.<\/p>\n<p>Este miedo que sentimos suele ser desproporcionado al peligro real que supone y suele conllevar consecuencias negativas. Es decir, nos provoca un malestar significativo, que, dependiendo del tipo de fobia, puede ser muy limitante.<\/p>\n<p>Aparecer\u00e1n pensamientos anticipatorios cuando tengamos que enfrentar una nueva situaci\u00f3n relacionada con aquello que tememos y probablemente\u00a0 nos mantendremos en un estado de alerta y tensi\u00f3n.<\/p>\n<p>Como por ejemplo, si me nos dan mucho miedo los perros y vamos a ir a casa de amigos que tienen uno. Posiblemente nos descubramos planificando, pensando qu\u00e9 vamos a hacer al llegar, c\u00f3mo vamos a movernos por la casa, c\u00f3mo vamos a pedir ayuda, etc, para estar lo m\u00e1s tranquilos posibles y evitar el contacto directo.<\/p>\n<h2>Tipos de fobias<\/h2>\n<p>A continuaci\u00f3n puedes ver una lista de los miedos y fobias m\u00e1s comunes que tratamos los psic\u00f3logos en consulta y con los que puedo ayudarte:<\/p>\n<ul>\n<li>Agorafobia o miedo a los espacios abiertos.<\/li>\n<li>Aerofobia o miedo a volar en avi\u00f3n.<\/li>\n<li>Claustrofobia o miedo a espacios cerrados.<\/li>\n<li>Acrofobia o miedo a las alturas.<\/li>\n<li>Hipocondr\u00eda o miedo a enfermar.<\/li>\n<li>Cinofobia o miedo a los perros.<\/li>\n<li>Tripanofobia o miedo a las inyecciones o extracciones de sangre<\/li>\n<li>Miedo a conducir<\/li>\n<li>Fobia o miedo a hablar en p\u00fablico<\/li>\n<li>Fobia social o ansiedad social<\/li>\n<li>Dentofobia o miedo a acudir al dentista<\/li>\n<li>Astrafobia o miedo a las tormentas<\/li>\n<li>Miedo a la muerte<\/li>\n<\/ul>\n<h2>Beneficios del tratamiento psicol\u00f3gico de las fobias<\/h2>\n<p>El tratamiento psicol\u00f3gico de la fobia que te ofrezco est\u00e1 basado en la aplicaci\u00f3n de t\u00e9cnicas cuya eficacia ha sido demostrada.<\/p>\n<p>Las t\u00e9cnicas que se utilizan para el tratamiento de las fobias suelen ser aquellas que permiten una reducci\u00f3n de la activaci\u00f3n y una exposici\u00f3n gradual al objeto temido, siempre respetando el ritmo de la persona.<\/p>\n<p>En consulta aprendemos t\u00e9cnicas para que te sientas preparado\/a para enfrentar aquello que temes, aumentando tu seguridad, ayud\u00e1ndote a controlar los s\u00edntomas de ansiedad, y reduciendo los comportamientos evitativos que mantienen la fobia.<\/p>\n<blockquote>\n<p><em>\u00bfTienes miedo cuando vas al dentista y lo pospones continuamente?, \u00bfLlevas a\u00f1os sin hacerte un an\u00e1lisis de sangre?<\/em><\/p>\n<\/blockquote>\n<p>Si decides trabajar en terapia para superar una fobia, podr\u00e1s conseguir:<\/p>\n<ul>\n<li>Conocer qu\u00e9 es una fobia, c\u00f3mo funciona, c\u00f3mo manejarla y reducirla.<\/li>\n<li>Solucionar situaciones que tiendes a evitar.<\/li>\n<li>Aumentar tu autoestima, reduciendo tus limitaciones.<\/li>\n<li>Identificar aquellas creencias limitantes que te est\u00e1n condicionando, modific\u00e1ndolas o elimin\u00e1ndolas.<\/li>\n<li>Reducir tus miedos.<\/li>\n<\/ul>\n<p style=\"text-align: center;\"><em>Si necesitas la ayuda de un psic\u00f3logo para enfrentar tus miedos y\/o fobias,<\/em><\/p>\n<p style=\"text-align: center;\"><strong>Pide cita \u260e\ufe0f 668 87 03 13<\/strong><\/p>\n\n","protected":false},"excerpt":{"rendered":"<p>El tratamiento por parte de los psic\u00f3logos para superar los miedos o fobias suele ser altamente efectivo. Un psic\u00f3logo puede ayudarte a conocer tu fobia y que conozcas herramientas que te ayuden a enfrentarla, pero en \u00faltima medida ser\u00e1s tu, con tu trabajo, quien que vayas dando los pasos que necesites hasta tolerar esos miedos. &hellip; <a href=\"https:\/\/janapsicologa.com\/psicologo-madrid\/fobia\/\" class=\"more-link\">Seguir leyendo <span class=\"screen-reader-text\">Tratamiento psicol\u00f3gico de fobias y miedos<\/span> <span class=\"meta-nav\">&rarr;<\/span><\/a><\/p>\n","protected":false},"author":2,"featured_media":2392,"parent":0,"menu_order":0,"comment_status":"closed","ping_status":"closed","template":"","meta":{"footnotes":""},"class_list":["post-2177","page","type-page","status-publish","has-post-thumbnail","hentry"],"yoast_head":"<!-- This site is optimized with the Yoast SEO plugin v25.6 - https:\/\/yoast.com\/wordpress\/plugins\/seo\/ -->\n<title>Tratamiento psicol\u00f3gico de fobias y miedos<\/title>\n<meta name=\"description\" content=\"Tratamiento de superaci\u00f3n de fobias y miedos. Herramientas altamente efectivas para superar y enfrentar aquello que temes.\" \/>\n<meta name=\"robots\" content=\"index, follow, max-snippet:-1, max-image-preview:large, max-video-preview:-1\" \/>\n<link rel=\"canonical\" href=\"https:\/\/janapsicologa.com\/psicologo-madrid\/fobia\/\" \/>\n<meta property=\"og:locale\" content=\"es_ES\" \/>\n<meta property=\"og:type\" content=\"article\" \/>\n<meta property=\"og:title\" content=\"Tratamiento psicol\u00f3gico de fobias y miedos\" \/>\n<meta property=\"og:description\" content=\"Tratamiento de superaci\u00f3n de fobias y miedos. Herramientas altamente efectivas para superar y enfrentar aquello que temes.\" \/>\n<meta property=\"og:url\" content=\"https:\/\/janapsicologa.com\/psicologo-madrid\/fobia\/\" \/>\n<meta property=\"og:site_name\" content=\"Psic\u00f3loga Jana Beter\u00e9\" \/>\n<meta property=\"article:publisher\" content=\"https:\/\/www.facebook.com\/psicojana\" \/>\n<meta property=\"article:modified_time\" content=\"2020-06-18T12:41:00+00:00\" \/>\n<meta property=\"og:image\" content=\"https:\/\/janapsicologa.com\/wp-content\/uploads\/2018\/05\/psicologo-madrid-portada.jpg\" \/>\n\t<meta property=\"og:image:width\" content=\"898\" \/>\n\t<meta property=\"og:image:height\" content=\"600\" \/>\n\t<meta property=\"og:image:type\" content=\"image\/jpeg\" \/>\n<meta name=\"twitter:card\" content=\"summary_large_image\" \/>\n<meta name=\"twitter:site\" content=\"@psicojana\" \/>\n<meta name=\"twitter:label1\" content=\"Tiempo de lectura\" \/>\n\t<meta name=\"twitter:data1\" content=\"3 minutos\" \/>\n<script type=\"application\/ld+json\" class=\"yoast-schema-graph\">{\"@context\":\"https:\/\/schema.org\",\"@graph\":[{\"@type\":\"WebPage\",\"@id\":\"https:\/\/janapsicologa.com\/psicologo-madrid\/fobia\/\",\"url\":\"https:\/\/janapsicologa.com\/psicologo-madrid\/fobia\/\",\"name\":\"Tratamiento psicol\u00f3gico de fobias y miedos\",\"isPartOf\":{\"@id\":\"https:\/\/janapsicologa.com\/psicologo-madrid\/#website\"},\"primaryImageOfPage\":{\"@id\":\"https:\/\/janapsicologa.com\/psicologo-madrid\/fobia\/#primaryimage\"},\"image\":{\"@id\":\"https:\/\/janapsicologa.com\/psicologo-madrid\/fobia\/#primaryimage\"},\"thumbnailUrl\":\"https:\/\/janapsicologa.com\/wp-content\/uploads\/2018\/05\/psicologo-madrid-portada.jpg\",\"datePublished\":\"2018-04-23T11:30:10+00:00\",\"dateModified\":\"2020-06-18T12:41:00+00:00\",\"description\":\"Tratamiento de superaci\u00f3n de fobias y miedos. Herramientas altamente efectivas para superar y enfrentar aquello que temes.\",\"breadcrumb\":{\"@id\":\"https:\/\/janapsicologa.com\/psicologo-madrid\/fobia\/#breadcrumb\"},\"inLanguage\":\"es\",\"potentialAction\":[{\"@type\":\"ReadAction\",\"target\":[\"https:\/\/janapsicologa.com\/psicologo-madrid\/fobia\/\"]}]},{\"@type\":\"ImageObject\",\"inLanguage\":\"es\",\"@id\":\"https:\/\/janapsicologa.com\/psicologo-madrid\/fobia\/#primaryimage\",\"url\":\"https:\/\/janapsicologa.com\/wp-content\/uploads\/2018\/05\/psicologo-madrid-portada.jpg\",\"contentUrl\":\"https:\/\/janapsicologa.com\/wp-content\/uploads\/2018\/05\/psicologo-madrid-portada.jpg\",\"width\":898,\"height\":600,\"caption\":\"proceso-terapia-psicologa-jana-betere-psicologo-madrid\"},{\"@type\":\"BreadcrumbList\",\"@id\":\"https:\/\/janapsicologa.com\/psicologo-madrid\/fobia\/#breadcrumb\",\"itemListElement\":[{\"@type\":\"ListItem\",\"position\":1,\"name\":\"Portada\",\"item\":\"https:\/\/janapsicologa.com\/psicologo-madrid\/\"},{\"@type\":\"ListItem\",\"position\":2,\"name\":\"Tratamiento psicol\u00f3gico de fobias y miedos\"}]},{\"@type\":\"WebSite\",\"@id\":\"https:\/\/janapsicologa.com\/psicologo-madrid\/#website\",\"url\":\"https:\/\/janapsicologa.com\/psicologo-madrid\/\",\"name\":\"Psic\u00f3loga Jana Beter\u00e9\",\"description\":\"Tratamiento psicol\u00f3gico de ansiedad, autoestima, estr\u00e9s y gesti\u00f3n de emociones\",\"publisher\":{\"@id\":\"https:\/\/janapsicologa.com\/psicologo-madrid\/#\/schema\/person\/0bcac00e2c0ee57bd750176742cbba5f\"},\"potentialAction\":[{\"@type\":\"SearchAction\",\"target\":{\"@type\":\"EntryPoint\",\"urlTemplate\":\"https:\/\/janapsicologa.com\/psicologo-madrid\/?s={search_term_string}\"},\"query-input\":{\"@type\":\"PropertyValueSpecification\",\"valueRequired\":true,\"valueName\":\"search_term_string\"}}],\"inLanguage\":\"es\"},{\"@type\":[\"Person\",\"Organization\"],\"@id\":\"https:\/\/janapsicologa.com\/psicologo-madrid\/#\/schema\/person\/0bcac00e2c0ee57bd750176742cbba5f\",\"name\":\"Jana Beter\u00e9 Moreno\",\"image\":{\"@type\":\"ImageObject\",\"inLanguage\":\"es\",\"@id\":\"https:\/\/janapsicologa.com\/psicologo-madrid\/#\/schema\/person\/image\/\",\"url\":\"https:\/\/janapsicologa.com\/wp-content\/uploads\/2020\/03\/psicologa-jana-betere-2020.jpg\",\"contentUrl\":\"https:\/\/janapsicologa.com\/wp-content\/uploads\/2020\/03\/psicologa-jana-betere-2020.jpg\",\"width\":400,\"height\":391,\"caption\":\"Jana Beter\u00e9 Moreno\"},\"logo\":{\"@id\":\"https:\/\/janapsicologa.com\/psicologo-madrid\/#\/schema\/person\/image\/\"},\"description\":\"Psic\u00f3logo Madr\u00edd centro (glorieta de Bilbao). Me llamo Jana, trabajo como psic\u00f3loga en Madrid centro. Te ayudo a combatir tu ansiedad, mejorar tu autoestima, superar la depresi\u00f3n, manejar el estr\u00e9s y gestionar tus emociones mediante tratamiento psicol\u00f3gico. Tambi\u00e9n te puedo acompa\u00f1ar a superar una ruptura de pareja, afrontar miedos, obsesiones o fobias. Mi experiencia se centra en el trabajo con adolescentes y adultos. Te ayudo a superar aquello que te limita en tu d\u00eda a d\u00eda. Mi objetivo es que alcances el bienestar que deseas. \u00a1CON\u00d3CEME! Consulta las opiniones de mis pacientes\",\"sameAs\":[\"https:\/\/janapsicologa.com\",\"https:\/\/www.facebook.com\/psicojana\",\"https:\/\/x.com\/psicojana\"]}]}<\/script>\n<!-- \/ Yoast SEO plugin. -->","yoast_head_json":{"title":"Tratamiento psicol\u00f3gico de fobias y miedos","description":"Tratamiento de superaci\u00f3n de fobias y miedos. Herramientas altamente efectivas para superar y enfrentar aquello que temes.","robots":{"index":"index","follow":"follow","max-snippet":"max-snippet:-1","max-image-preview":"max-image-preview:large","max-video-preview":"max-video-preview:-1"},"canonical":"https:\/\/janapsicologa.com\/psicologo-madrid\/fobia\/","og_locale":"es_ES","og_type":"article","og_title":"Tratamiento psicol\u00f3gico de fobias y miedos","og_description":"Tratamiento de superaci\u00f3n de fobias y miedos. Herramientas altamente efectivas para superar y enfrentar aquello que temes.","og_url":"https:\/\/janapsicologa.com\/psicologo-madrid\/fobia\/","og_site_name":"Psic\u00f3loga Jana Beter\u00e9","article_publisher":"https:\/\/www.facebook.com\/psicojana","article_modified_time":"2020-06-18T12:41:00+00:00","og_image":[{"width":898,"height":600,"url":"https:\/\/janapsicologa.com\/wp-content\/uploads\/2018\/05\/psicologo-madrid-portada.jpg","type":"image\/jpeg"}],"twitter_card":"summary_large_image","twitter_site":"@psicojana","twitter_misc":{"Tiempo de lectura":"3 minutos"},"schema":{"@context":"https:\/\/schema.org","@graph":[{"@type":"WebPage","@id":"https:\/\/janapsicologa.com\/psicologo-madrid\/fobia\/","url":"https:\/\/janapsicologa.com\/psicologo-madrid\/fobia\/","name":"Tratamiento psicol\u00f3gico de fobias y miedos","isPartOf":{"@id":"https:\/\/janapsicologa.com\/psicologo-madrid\/#website"},"primaryImageOfPage":{"@id":"https:\/\/janapsicologa.com\/psicologo-madrid\/fobia\/#primaryimage"},"image":{"@id":"https:\/\/janapsicologa.com\/psicologo-madrid\/fobia\/#primaryimage"},"thumbnailUrl":"https:\/\/janapsicologa.com\/wp-content\/uploads\/2018\/05\/psicologo-madrid-portada.jpg","datePublished":"2018-04-23T11:30:10+00:00","dateModified":"2020-06-18T12:41:00+00:00","description":"Tratamiento de superaci\u00f3n de fobias y miedos. Herramientas altamente efectivas para superar y enfrentar aquello que temes.","breadcrumb":{"@id":"https:\/\/janapsicologa.com\/psicologo-madrid\/fobia\/#breadcrumb"},"inLanguage":"es","potentialAction":[{"@type":"ReadAction","target":["https:\/\/janapsicologa.com\/psicologo-madrid\/fobia\/"]}]},{"@type":"ImageObject","inLanguage":"es","@id":"https:\/\/janapsicologa.com\/psicologo-madrid\/fobia\/#primaryimage","url":"https:\/\/janapsicologa.com\/wp-content\/uploads\/2018\/05\/psicologo-madrid-portada.jpg","contentUrl":"https:\/\/janapsicologa.com\/wp-content\/uploads\/2018\/05\/psicologo-madrid-portada.jpg","width":898,"height":600,"caption":"proceso-terapia-psicologa-jana-betere-psicologo-madrid"},{"@type":"BreadcrumbList","@id":"https:\/\/janapsicologa.com\/psicologo-madrid\/fobia\/#breadcrumb","itemListElement":[{"@type":"ListItem","position":1,"name":"Portada","item":"https:\/\/janapsicologa.com\/psicologo-madrid\/"},{"@type":"ListItem","position":2,"name":"Tratamiento psicol\u00f3gico de fobias y miedos"}]},{"@type":"WebSite","@id":"https:\/\/janapsicologa.com\/psicologo-madrid\/#website","url":"https:\/\/janapsicologa.com\/psicologo-madrid\/","name":"Psic\u00f3loga Jana Beter\u00e9","description":"Tratamiento psicol\u00f3gico de ansiedad, autoestima, estr\u00e9s y gesti\u00f3n de emociones","publisher":{"@id":"https:\/\/janapsicologa.com\/psicologo-madrid\/#\/schema\/person\/0bcac00e2c0ee57bd750176742cbba5f"},"potentialAction":[{"@type":"SearchAction","target":{"@type":"EntryPoint","urlTemplate":"https:\/\/janapsicologa.com\/psicologo-madrid\/?s={search_term_string}"},"query-input":{"@type":"PropertyValueSpecification","valueRequired":true,"valueName":"search_term_string"}}],"inLanguage":"es"},{"@type":["Person","Organization"],"@id":"https:\/\/janapsicologa.com\/psicologo-madrid\/#\/schema\/person\/0bcac00e2c0ee57bd750176742cbba5f","name":"Jana Beter\u00e9 Moreno","image":{"@type":"ImageObject","inLanguage":"es","@id":"https:\/\/janapsicologa.com\/psicologo-madrid\/#\/schema\/person\/image\/","url":"https:\/\/janapsicologa.com\/wp-content\/uploads\/2020\/03\/psicologa-jana-betere-2020.jpg","contentUrl":"https:\/\/janapsicologa.com\/wp-content\/uploads\/2020\/03\/psicologa-jana-betere-2020.jpg","width":400,"height":391,"caption":"Jana Beter\u00e9 Moreno"},"logo":{"@id":"https:\/\/janapsicologa.com\/psicologo-madrid\/#\/schema\/person\/image\/"},"description":"Psic\u00f3logo Madr\u00edd centro (glorieta de Bilbao). Me llamo Jana, trabajo como psic\u00f3loga en Madrid centro. Te ayudo a combatir tu ansiedad, mejorar tu autoestima, superar la depresi\u00f3n, manejar el estr\u00e9s y gestionar tus emociones mediante tratamiento psicol\u00f3gico. Tambi\u00e9n te puedo acompa\u00f1ar a superar una ruptura de pareja, afrontar miedos, obsesiones o fobias. Mi experiencia se centra en el trabajo con adolescentes y adultos. Te ayudo a superar aquello que te limita en tu d\u00eda a d\u00eda. Mi objetivo es que alcances el bienestar que deseas. \u00a1CON\u00d3CEME! Consulta las opiniones de mis pacientes","sameAs":["https:\/\/janapsicologa.com","https:\/\/www.facebook.com\/psicojana","https:\/\/x.com\/psicojana"]}]}},"jetpack_sharing_enabled":true,"_links":{"self":[{"href":"https:\/\/janapsicologa.com\/psicologo-madrid\/wp-json\/wp\/v2\/pages\/2177"}],"collection":[{"href":"https:\/\/janapsicologa.com\/psicologo-madrid\/wp-json\/wp\/v2\/pages"}],"about":[{"href":"https:\/\/janapsicologa.com\/psicologo-madrid\/wp-json\/wp\/v2\/types\/page"}],"author":[{"embeddable":true,"href":"https:\/\/janapsicologa.com\/psicologo-madrid\/wp-json\/wp\/v2\/users\/2"}],"replies":[{"embeddable":true,"href":"https:\/\/janapsicologa.com\/psicologo-madrid\/wp-json\/wp\/v2\/comments?post=2177"}],"version-history":[{"count":11,"href":"https:\/\/janapsicologa.com\/psicologo-madrid\/wp-json\/wp\/v2\/pages\/2177\/revisions"}],"predecessor-version":[{"id":5180,"href":"https:\/\/janapsicologa.com\/psicologo-madrid\/wp-json\/wp\/v2\/pages\/2177\/revisions\/5180"}],"wp:featuredmedia":[{"embeddable":true,"href":"https:\/\/janapsicologa.com\/psicologo-madrid\/wp-json\/wp\/v2\/media\/2392"}],"wp:attachment":[{"href":"https:\/\/janapsicologa.com\/psicologo-madrid\/wp-json\/wp\/v2\/media?parent=2177"}],"curies":[{"name":"wp","href":"https:\/\/api.w.org\/{rel}","templated":true}]}}